{"id":154,"date":"2022-06-07T17:38:38","date_gmt":"2022-06-07T15:38:38","guid":{"rendered":"https:\/\/beaugency.ms.decms.eu\/bienvenue-a-lhotel-beaugency\/"},"modified":"2023-02-24T16:22:52","modified_gmt":"2023-02-24T15:22:52","slug":"bienvenue-a-lhotel-beaugency","status":"publish","type":"page","link":"https:\/\/www.hotel-beaugency.com\/en\/","title":{"rendered":"Welcome to the H\u00f4tel Beaugency"},"content":{"rendered":"<p>Relaxation and charm await you at the <strong>three-star Hotel Beaugency<\/strong> in the chic <strong>7th arrondissement<\/strong>, exceptionally located in Paris, close to the Eiffel Tower, the Invalides and the \u00c9cole Militaire, as well as to the Rue Cler, the Champs de Mars and the Grand Palais \u00c9ph\u00e9m\u00e8re.<\/p>\n<p>This is a lovely little classic and cosy hotel with 30 rooms away from the hustle and bustle of Paris.<\/p>\n<p>The welcome is warm, and the comfort and service are of the highest quality. It has an environment that is conducive to relaxation.<\/p>\n<p>Come and explore this district, close to Rue Cler and its famous market, its shops and restaurants, but also to the Champs \u00c9lys\u00e9es, the Mus\u00e9e d&#8217;Orsay and the banks of the Seine. It is ideally situated for visiting all the major tourist attractions in Paris.<\/p>\n<p><em>We have adapted some of our rooms and made our staff aware of how to best welcome people with disabilities. Unfortunately, we cannot accommodate wheelchair users.<\/em><\/p>\n","protected":false},"excerpt":{"rendered":"<p>Relaxation and charm await you at the three-star Hotel Beaugency in the chic 7th arrondissement, exceptionally located in Paris, close to the Eiffel Tower, the Invalides and the \u00c9cole Militaire, as well as to the Rue Cler, the Champs de Mars and the Grand Palais \u00c9ph\u00e9m\u00e8re. This is a lovely little classic and cosy hotel [&hellip;]<\/p>\n","protected":false},"author":5,"featured_media":0,"parent":0,"menu_order":0,"comment_status":"closed","ping_status":"closed","template":"","meta":{"footnotes":""},"class_list":["post-154","page","type-page","status-publish","hentry"],"yoast_head":"<!-- This site is optimized with the Yoast SEO plugin v26.9 - https:\/\/yoast.com\/product\/yoast-seo-wordpress\/ -->\n<title>Welcome to the H\u00f4tel Beaugency - Beaugency<\/title>\n<meta name=\"robots\" content=\"index, follow, max-snippet:-1, max-image-preview:large, max-video-preview:-1\" \/>\n<link rel=\"canonical\" href=\"https:\/\/www.hotel-beaugency.com\/en\/\" \/>\n<meta property=\"og:locale\" content=\"en_US\" \/>\n<meta property=\"og:type\" content=\"article\" \/>\n<meta property=\"og:title\" content=\"Welcome to the H\u00f4tel Beaugency - Beaugency\" \/>\n<meta property=\"og:description\" content=\"Relaxation and charm await you at the three-star Hotel Beaugency in the chic 7th arrondissement, exceptionally located in Paris, close to the Eiffel Tower, the Invalides and the \u00c9cole Militaire, as well as to the Rue Cler, the Champs de Mars and the Grand Palais \u00c9ph\u00e9m\u00e8re. This is a lovely little classic and cosy hotel [&hellip;]\" \/>\n<meta property=\"og:url\" content=\"https:\/\/www.hotel-beaugency.com\/en\/\" \/>\n<meta property=\"og:site_name\" content=\"Beaugency\" \/>\n<meta property=\"article:modified_time\" content=\"2023-02-24T15:22:52+00:00\" \/>\n<meta name=\"twitter:card\" content=\"summary_large_image\" \/>\n<meta name=\"twitter:label1\" content=\"Est. reading time\" \/>\n\t<meta name=\"twitter:data1\" content=\"1 minute\" \/>\n<script type=\"application\/ld+json\" class=\"yoast-schema-graph\">{\"@context\":\"https:\/\/schema.org\",\"@graph\":[{\"@type\":\"WebPage\",\"@id\":\"https:\/\/www.hotel-beaugency.com\/en\/\",\"url\":\"https:\/\/www.hotel-beaugency.com\/en\/\",\"name\":\"Welcome to the H\u00f4tel Beaugency - Beaugency\",\"isPartOf\":{\"@id\":\"http:\/\/www.hotel-beaugency.com\/en\/#website\"},\"datePublished\":\"2022-06-07T15:38:38+00:00\",\"dateModified\":\"2023-02-24T15:22:52+00:00\",\"breadcrumb\":{\"@id\":\"https:\/\/www.hotel-beaugency.com\/en\/#breadcrumb\"},\"inLanguage\":\"en-US\",\"potentialAction\":[{\"@type\":\"ReadAction\",\"target\":[\"https:\/\/www.hotel-beaugency.com\/en\/\"]}]},{\"@type\":\"BreadcrumbList\",\"@id\":\"https:\/\/www.hotel-beaugency.com\/en\/#breadcrumb\",\"itemListElement\":[{\"@type\":\"ListItem\",\"position\":1,\"name\":\"Accueil\",\"item\":\"https:\/\/www.hotel-beaugency.com\/en\/\"},{\"@type\":\"ListItem\",\"position\":2,\"name\":\"Welcome to the H\u00f4tel Beaugency\"}]},{\"@type\":\"WebSite\",\"@id\":\"http:\/\/www.hotel-beaugency.com\/en\/#website\",\"url\":\"http:\/\/www.hotel-beaugency.com\/en\/\",\"name\":\"Beaugency\",\"description\":\"Un site utilisant ms.decms.eu\",\"potentialAction\":[{\"@type\":\"SearchAction\",\"target\":{\"@type\":\"EntryPoint\",\"urlTemplate\":\"http:\/\/www.hotel-beaugency.com\/en\/?s={search_term_string}\"},\"query-input\":{\"@type\":\"PropertyValueSpecification\",\"valueRequired\":true,\"valueName\":\"search_term_string\"}}],\"inLanguage\":\"en-US\"}]}<\/script>\n<!-- \/ Yoast SEO plugin. -->","yoast_head_json":{"title":"Welcome to the H\u00f4tel Beaugency - Beaugency","robots":{"index":"index","follow":"follow","max-snippet":"max-snippet:-1","max-image-preview":"max-image-preview:large","max-video-preview":"max-video-preview:-1"},"canonical":"https:\/\/www.hotel-beaugency.com\/en\/","og_locale":"en_US","og_type":"article","og_title":"Welcome to the H\u00f4tel Beaugency - Beaugency","og_description":"Relaxation and charm await you at the three-star Hotel Beaugency in the chic 7th arrondissement, exceptionally located in Paris, close to the Eiffel Tower, the Invalides and the \u00c9cole Militaire, as well as to the Rue Cler, the Champs de Mars and the Grand Palais \u00c9ph\u00e9m\u00e8re. This is a lovely little classic and cosy hotel [&hellip;]","og_url":"https:\/\/www.hotel-beaugency.com\/en\/","og_site_name":"Beaugency","article_modified_time":"2023-02-24T15:22:52+00:00","twitter_card":"summary_large_image","twitter_misc":{"Est. reading time":"1 minute"},"schema":{"@context":"https:\/\/schema.org","@graph":[{"@type":"WebPage","@id":"https:\/\/www.hotel-beaugency.com\/en\/","url":"https:\/\/www.hotel-beaugency.com\/en\/","name":"Welcome to the H\u00f4tel Beaugency - Beaugency","isPartOf":{"@id":"http:\/\/www.hotel-beaugency.com\/en\/#website"},"datePublished":"2022-06-07T15:38:38+00:00","dateModified":"2023-02-24T15:22:52+00:00","breadcrumb":{"@id":"https:\/\/www.hotel-beaugency.com\/en\/#breadcrumb"},"inLanguage":"en-US","potentialAction":[{"@type":"ReadAction","target":["https:\/\/www.hotel-beaugency.com\/en\/"]}]},{"@type":"BreadcrumbList","@id":"https:\/\/www.hotel-beaugency.com\/en\/#breadcrumb","itemListElement":[{"@type":"ListItem","position":1,"name":"Accueil","item":"https:\/\/www.hotel-beaugency.com\/en\/"},{"@type":"ListItem","position":2,"name":"Welcome to the H\u00f4tel Beaugency"}]},{"@type":"WebSite","@id":"http:\/\/www.hotel-beaugency.com\/en\/#website","url":"http:\/\/www.hotel-beaugency.com\/en\/","name":"Beaugency","description":"Un site utilisant ms.decms.eu","potentialAction":[{"@type":"SearchAction","target":{"@type":"EntryPoint","urlTemplate":"http:\/\/www.hotel-beaugency.com\/en\/?s={search_term_string}"},"query-input":{"@type":"PropertyValueSpecification","valueRequired":true,"valueName":"search_term_string"}}],"inLanguage":"en-US"}]}},"acf":[],"_links":{"self":[{"href":"https:\/\/www.hotel-beaugency.com\/en\/wp-json\/wp\/v2\/pages\/154","targetHints":{"allow":["GET"]}}],"collection":[{"href":"https:\/\/www.hotel-beaugency.com\/en\/wp-json\/wp\/v2\/pages"}],"about":[{"href":"https:\/\/www.hotel-beaugency.com\/en\/wp-json\/wp\/v2\/types\/page"}],"author":[{"embeddable":true,"href":"https:\/\/www.hotel-beaugency.com\/en\/wp-json\/wp\/v2\/users\/5"}],"replies":[{"embeddable":true,"href":"https:\/\/www.hotel-beaugency.com\/en\/wp-json\/wp\/v2\/comments?post=154"}],"version-history":[{"count":0,"href":"https:\/\/www.hotel-beaugency.com\/en\/wp-json\/wp\/v2\/pages\/154\/revisions"}],"wp:attachment":[{"href":"https:\/\/www.hotel-beaugency.com\/en\/wp-json\/wp\/v2\/media?parent=154"}],"curies":[{"name":"wp","href":"https:\/\/api.w.org\/{rel}","templated":true}]}}